{"id":116,"date":"2023-08-20T21:50:21","date_gmt":"2023-08-20T19:50:21","guid":{"rendered":"https:\/\/rodnoweosiedle.pl\/?page_id=116"},"modified":"2025-10-12T21:38:26","modified_gmt":"2025-10-12T19:38:26","slug":"sklad-komisji-rewizyjnej","status":"publish","type":"page","link":"https:\/\/rodnoweosiedle.pl\/index.php\/sklad-komisji-rewizyjnej\/","title":{"rendered":"Sk\u0142ad Komisji Rewizyjnej"},"content":{"rendered":"\n<figure class=\"wp-block-table\"><table><tbody><tr><td colspan=\"2\">Sk\u0142ad Komisji Rewizyjnej<\/td><\/tr><tr><td>Przewodnicz\u0105cy<\/td><td>Teresa Trela<\/td><\/tr><tr><td>Zast\u0119pca Przewodnicz\u0105cego<\/td><td>Ryszard Piasecki<\/td><\/tr><tr><td>Sekretarz<\/td><td>Magdalena Simonides<\/td><\/tr><tr><td>Cz\u0142onek<\/td><td>Joanna Krupa-B\u0142aszczyk<\/td><\/tr><\/tbody><\/table><\/figure>\n\n\n\n<p><\/p>\n","protected":false},"excerpt":{"rendered":"<p>Sk\u0142ad Komisji Rewizyjnej Przewodnicz\u0105cy Teresa Trela Zast\u0119pca Przewodnicz\u0105cego Ryszard Piasecki Sekretarz Magdalena Simonides Cz\u0142onek Joanna Krupa-B\u0142aszczyk<\/p>\n","protected":false},"author":3,"featured_media":0,"parent":0,"menu_order":0,"comment_status":"closed","ping_status":"closed","template":"","meta":{"ngg_post_thumbnail":0,"footnotes":""},"class_list":["post-116","page","type-page","status-publish","hentry","post-preview"],"_links":{"self":[{"href":"https:\/\/rodnoweosiedle.pl\/index.php\/wp-json\/wp\/v2\/pages\/116","targetHints":{"allow":["GET"]}}],"collection":[{"href":"https:\/\/rodnoweosiedle.pl\/index.php\/wp-json\/wp\/v2\/pages"}],"about":[{"href":"https:\/\/rodnoweosiedle.pl\/index.php\/wp-json\/wp\/v2\/types\/page"}],"author":[{"embeddable":true,"href":"https:\/\/rodnoweosiedle.pl\/index.php\/wp-json\/wp\/v2\/users\/3"}],"replies":[{"embeddable":true,"href":"https:\/\/rodnoweosiedle.pl\/index.php\/wp-json\/wp\/v2\/comments?post=116"}],"version-history":[{"count":5,"href":"https:\/\/rodnoweosiedle.pl\/index.php\/wp-json\/wp\/v2\/pages\/116\/revisions"}],"predecessor-version":[{"id":1182,"href":"https:\/\/rodnoweosiedle.pl\/index.php\/wp-json\/wp\/v2\/pages\/116\/revisions\/1182"}],"wp:attachment":[{"href":"https:\/\/rodnoweosiedle.pl\/index.php\/wp-json\/wp\/v2\/media?parent=116"}],"curies":[{"name":"wp","href":"https:\/\/api.w.org\/{rel}","templated":true}]}}