{"id":92,"date":"2023-08-20T21:46:42","date_gmt":"2023-08-20T19:46:42","guid":{"rendered":"https:\/\/rodnoweosiedle.pl\/?page_id=92"},"modified":"2026-05-08T14:52:48","modified_gmt":"2026-05-08T12:52:48","slug":"zarzad","status":"publish","type":"page","link":"https:\/\/rodnoweosiedle.pl\/index.php\/zarzad\/","title":{"rendered":"Zarz\u0105d"},"content":{"rendered":"\n<p class=\"has-text-align-center\"><strong>Sk\u0142ad Zarz\u0105du :<\/strong><\/p>\n\n\n\n<figure class=\"wp-block-table\"><table><tbody><tr><td>Prezes<\/td><td>Gracjan Falkowski<\/td><td>531-923-816<\/td><\/tr><tr><td>Vice-prezes ds. ekonomicznych<\/td><td>Jolanta Nieckarz<\/td><td>577-730-510<\/td><\/tr><tr><td>Sekretarz<\/td><td>Renata Piwo\u0144ska<\/td><td>530-584-333<\/td><\/tr><tr><td>Skarbnik<\/td><td>Magdalena Raszczuk<\/td><td>577-730-510<\/td><\/tr><tr><td>Cz\u0142onek ds. gospodarczych<\/td><td>Maksym Poprawka<\/td><td>531 923 816<\/td><\/tr><\/tbody><\/table><\/figure>\n\n\n\n<p><strong>Sk\u0142ad Komisji Rewizyjnej :<\/strong> <\/p>\n\n\n\n<figure class=\"wp-block-table\"><table><tbody><tr><td>Przewodnicz\u0105cy<\/td><td class=\"has-text-align-right\" data-align=\"right\">Teresa Trela<\/td><\/tr><tr><td>Vice-przewodnicz\u0105cy<\/td><td class=\"has-text-align-right\" data-align=\"right\">Ryszard Piasecki<\/td><\/tr><tr><td>Sekretarz<\/td><td class=\"has-text-align-right\" data-align=\"right\">Magdalena Simonides<\/td><\/tr><tr><td>Cz\u0142onek<\/td><td class=\"has-text-align-right\" data-align=\"right\">Joanna Krupa-B\u0142aszczyk<\/td><\/tr><\/tbody><\/table><\/figure>\n\n\n\n<p><strong>Delegat na zjazd okr\u0119gowy :<\/strong><\/p>\n\n\n\n<figure class=\"wp-block-table\"><table><tbody><tr><td>Delegat<\/td><td>Gracjan Falkowski<\/td><\/tr><\/tbody><\/table><\/figure>\n\n\n\n<p><strong>Osoby wsp\u00f3\u0142pracuj\u0105ce:<\/strong><\/p>\n\n\n\n<figure class=\"wp-block-table\"><table><tbody><tr><td class=\"has-text-align-left\" data-align=\"left\"><strong>Elektryk<\/strong> &nbsp;&nbsp;Jakub Godziewski<\/td><td class=\"has-text-align-right\" data-align=\"right\">   794 468 899<\/td><\/tr><tr><td class=\"has-text-align-left\" data-align=\"left\"><strong>Gospodarz Ogrodu<br><\/strong>Krzysztof Krzysztonek<br>dzia\u0142ka 101<\/td><td class=\"has-text-align-right\" data-align=\"right\">aleja Gruszkowa<\/td><\/tr><tr><td class=\"has-text-align-left\" data-align=\"left\"><strong>Gospodarz Ogrodu<\/strong><br>Zbigniew Buczkowski<br> dzia\u0142ka 207<\/td><td class=\"has-text-align-right\" data-align=\"right\">aleja Brzoskwiniowa<\/td><\/tr><tr><td class=\"has-text-align-left\" data-align=\"left\"><strong>Gospodarz<\/strong> <strong>Alejki<\/strong><br>Waldemar Iwi\u0144ski <br>dzia\u0142ka 12<\/td><td class=\"has-text-align-right\" data-align=\"right\"> aleja Malinowa<\/td><\/tr><tr><td class=\"has-text-align-left\" data-align=\"left\"><strong>Gospodarz<\/strong> <strong>Alejki<\/strong><br>Ryszard B\u0142aszczyk<br>dzia\u0142ka 20<\/td><td class=\"has-text-align-right\" data-align=\"right\">aleja Morelowa<\/td><\/tr><tr><td class=\"has-text-align-left\" data-align=\"left\"><strong>Gospodarz<\/strong> <strong>Alejki<\/strong><br>Ryszard Trela <br>dzia\u0142ka 167<\/td><td class=\"has-text-align-right\" data-align=\"right\">aleja Czere\u015bniowa<\/td><\/tr><tr><td class=\"has-text-align-left\" data-align=\"left\"><strong>Gospodarz<\/strong> <strong>Alejki<\/strong><br>Ryszard Piasecki <br>dzia\u0142ka 346<\/td><td class=\"has-text-align-right\" data-align=\"right\">aleja Wi\u015bniowa z alej\u0105 Porzeczkowa<\/td><\/tr><tr><td class=\"has-text-align-left\" data-align=\"left\"><strong>Gospodarz<\/strong> <strong>Alejki<\/strong><br>Waldemar Smolarek <br>dzia\u0142ka 390<\/td><td class=\"has-text-align-right\" data-align=\"right\">aleja Orzechowa<\/td><\/tr><tr><td class=\"has-text-align-left\" data-align=\"left\"><strong>Gospodarz<\/strong>  <strong>Alejki<\/strong><br>Wladyslaw Moiseienko<br>dzia\u0142ka 441<\/td><td class=\"has-text-align-right\" data-align=\"right\">aleja Truskawkowa i \u015aliwkowa<\/td><\/tr><\/tbody><\/table><\/figure>\n\n\n\n<p><strong>Op\u0142aty i rozliczenia:<\/strong><\/p>\n\n\n\n<figure class=\"wp-block-table\"><table class=\"has-fixed-layout\"><tbody><tr><td>Ksi\u0119gowy<\/td><td>Arkadiusz Pelczar<\/td><td>669-747-427 <br><em>sudpolspzoo@gmail.com<\/em><\/td><\/tr><\/tbody><\/table><\/figure>\n\n\n\n<p><\/p>\n\n\n\n<p><strong>Strona naszego ogrodu: <a href=\"http:\/\/www.rodnoweosiedle.pl\">www.rodnoweosiedle.pl<\/a><\/strong><\/p>\n\n\n\n<p><strong>Adres mail: <\/strong><a href=\"mailto:rodnoweosiedle@gmail.com\"><strong>rodnoweosiedle@gmail.com<\/strong><\/a><strong><\/strong><\/p>\n\n\n\n<p><strong>Facebook: <a href=\"https:\/\/www.facebook.com\/profile.php?id=100092723176893\">ROD \u201eNowe Osiedle\u201d<\/a><\/strong><\/p>\n\n\n\n<p><strong>Biuro Zarz\u0105du ROD Nowe Osiedle\u201d <\/strong>czynne w \u015brody w godz. 16.00 \u2013 19.00,<br>w sprawach zamiany dzia\u0142ek w godz. 17.30 \u2013 19.00<\/p>\n","protected":false},"excerpt":{"rendered":"<p>Sk\u0142ad Zarz\u0105du : Prezes Gracjan Falkowski 531-923-816 Vice-prezes ds. ekonomicznych Jolanta Nieckarz 577-730-510 Sekretarz Renata Piwo\u0144ska 530-584-333 Skarbnik Magdalena Raszczuk 577-730-510 Cz\u0142onek ds. gospodarczych Maksym Poprawka 531 923 816 Sk\u0142ad Komisji Rewizyjnej : Przewodnicz\u0105cy Teresa Trela Vice-przewodnicz\u0105cy Ryszard Piasecki Sekretarz Magdalena Simonides Cz\u0142onek Joanna Krupa-B\u0142aszczyk Delegat na zjazd okr\u0119gowy : Delegat Gracjan Falkowski Osoby wsp\u00f3\u0142pracuj\u0105ce: [&hellip;]<\/p>\n","protected":false},"author":3,"featured_media":0,"parent":0,"menu_order":0,"comment_status":"closed","ping_status":"closed","template":"","meta":{"ngg_post_thumbnail":0,"footnotes":""},"class_list":["post-92","page","type-page","status-publish","hentry","post-preview"],"_links":{"self":[{"href":"https:\/\/rodnoweosiedle.pl\/index.php\/wp-json\/wp\/v2\/pages\/92","targetHints":{"allow":["GET"]}}],"collection":[{"href":"https:\/\/rodnoweosiedle.pl\/index.php\/wp-json\/wp\/v2\/pages"}],"about":[{"href":"https:\/\/rodnoweosiedle.pl\/index.php\/wp-json\/wp\/v2\/types\/page"}],"author":[{"embeddable":true,"href":"https:\/\/rodnoweosiedle.pl\/index.php\/wp-json\/wp\/v2\/users\/3"}],"replies":[{"embeddable":true,"href":"https:\/\/rodnoweosiedle.pl\/index.php\/wp-json\/wp\/v2\/comments?post=92"}],"version-history":[{"count":17,"href":"https:\/\/rodnoweosiedle.pl\/index.php\/wp-json\/wp\/v2\/pages\/92\/revisions"}],"predecessor-version":[{"id":1442,"href":"https:\/\/rodnoweosiedle.pl\/index.php\/wp-json\/wp\/v2\/pages\/92\/revisions\/1442"}],"wp:attachment":[{"href":"https:\/\/rodnoweosiedle.pl\/index.php\/wp-json\/wp\/v2\/media?parent=92"}],"curies":[{"name":"wp","href":"https:\/\/api.w.org\/{rel}","templated":true}]}}