{"id":95,"date":"2023-08-20T21:48:01","date_gmt":"2023-08-20T19:48:01","guid":{"rendered":"https:\/\/rodnoweosiedle.pl\/?page_id=95"},"modified":"2026-04-21T00:19:11","modified_gmt":"2026-04-20T22:19:11","slug":"oplaty","status":"publish","type":"page","link":"https:\/\/rodnoweosiedle.pl\/index.php\/oplaty\/","title":{"rendered":"Op\u0142aty"},"content":{"rendered":"\n<p class=\"has-text-align-center\"><strong>Walne Zebranie sprawozdawczo-wyborcze w dniu 09.03.2024 roku<\/strong><br><strong>przyj\u0119\u0142o op\u0142aty ogrodowe oraz termin wp\u0142at do dnia 30.06.2024r.<\/strong><\/p>\n\n\n\n<p><strong>Podstawowe op\u0142aty ogrodowe :<\/strong><\/p>\n\n\n\n<figure class=\"wp-block-table\"><table><tbody><tr><td>op\u0142ata cz\u0142onkowska okre\u015blona przez KR PZD<\/td><td>10 z\u0142 \/&nbsp; dzia\u0142ka<\/td><\/tr><tr><td>op\u0142ata ogrodowa<\/td><td>1,20 z\u0142 \/ m2<\/td><\/tr><tr><td>op\u0142ata energetyczna<\/td><td>49,37 z\u0142 od dzia\u0142ki pod\u0142\u0105czonej do sieci energetycznej<\/td><\/tr><tr><td>op\u0142ata wodna<\/td><td>8,82 z\u0142 od dzia\u0142ki pod\u0142\u0105czonej do sieci wodnej<\/td><\/tr><tr><td>wyw\u00f3z odpad\u00f3w<\/td><td>Od zu\u017cycia pr\u0105du:<br>0-250 kWh -140z\u0142 \/dzia\u0142ka<br>250-1000 kWh -350z\u0142 \/dzia\u0142ka<br>1001 kWh i wi\u0119cej -600z\u0142 \/dzia\u0142ka<\/td><\/tr><\/tbody><\/table><\/figure>\n\n\n\n<p><strong>Inwestycyjne op\u0142aty ogrodowe :<\/strong><\/p>\n\n\n\n<figure class=\"wp-block-table\"><table><tbody><tr><td class=\"has-text-align-left\" data-align=\"left\">Remont generalny \u015bwietlicy<\/td><td>50 z\u0142<\/td><td>Do 30\/06\/2026 r.<\/td><\/tr><tr><td class=\"has-text-align-left\" data-align=\"left\"><\/td><td><\/td><td><\/td><\/tr><tr><td class=\"has-text-align-left\" data-align=\"left\"><\/td><td><\/td><td><\/td><\/tr><\/tbody><\/table><\/figure>\n\n\n\n<p><strong>Op\u0142aty za media wg wskazania licznik\u00f3w :<\/strong><\/p>\n\n\n\n<figure class=\"wp-block-table\"><table><tbody><tr><td>Energia elektryczna<\/td><td>&nbsp;Wed\u0142ug otrzymywanych faktur z EkoVoltis<\/td><\/tr><tr><td>Woda<\/td><td>&nbsp;6,63 z\u0142 \/ m3<\/td><\/tr><\/tbody><\/table><\/figure>\n\n\n\n<p>Op\u0142aty nale\u017cy wp\u0142aca\u0107 na konto ROD im. \u201eNOWE OSIEDLE\u201d<\/p>\n\n\n\n<p><strong>Nr konta: 50 1020&nbsp;4812 0000 0802&nbsp;0047 0005<\/strong>&nbsp;<\/p>\n\n\n\n<p>W tytule obowi\u0105zkowo poda\u0107&nbsp;<strong>numer dzia\u0142ki, imi\u0119 i nazwisko, oraz tytu\u0142 wp\u0142aty.<\/strong><\/p>\n\n\n\n<hr class=\"wp-block-separator has-alpha-channel-opacity\"\/>\n\n\n\n<p class=\"has-text-align-center\"><strong>OP\u0141ATY DLA NOWYCH NABYWC\u00d3W DZIA\u0141EK<br>OD DNIA 01.01.2025r.<\/strong><\/p>\n\n\n\n<p>Op\u0142ata inwestycyjna:<strong>3 690&nbsp;z\u0142.<\/strong><br>Wpisowe&nbsp;5<strong>00 z\u0142.<\/strong><br>Cz\u0142onkowskie<strong>&nbsp;10 z\u0142.<\/strong><\/p>\n\n\n\n<p>Op\u0142aty nale\u017cy przekaza\u0107 na rachunek bankowy&nbsp;<br><strong>ROD \u201eNOWE OSIEDLE\u201d<\/strong><\/p>\n\n\n\n<p><strong>50 1020 4812 0000 0802 0047 0005<\/strong><\/p>\n\n\n\n<p>Tytu\u0142:<strong>&nbsp;Imi\u0119 i nazwisko Nabywcy, nr dzia\u0142ki,<br>op\u0142ata ogrodowa, wpisowe i cz\u0142onkowskie<\/strong><\/p>\n\n\n\n<p class=\"has-text-align-center has-small-font-size\" style=\"font-style:italic;font-weight:100\">Krajowa Rada PZD ustali\u0142a sk\u0142adk\u0119 cz\u0142onkowsk\u0105 na kwot\u0119 10 z\u0142 \u2013 Uchwa\u0142a<br>nr 5\/II\/2025 w sprawie wysoko\u015bci i podzia\u0142u sk\u0142adki cz\u0142onkowskiej w<br>PZD w 2025 r.<\/p>\n\n\n\n<p class=\"has-text-align-center has-small-font-size\" style=\"font-style:italic;font-weight:100\">Okr\u0119gowa Rada PZD w Szczecinie ustali\u0142a op\u0142at\u0119 w roku nabycia prawa do<br>dzia\u0142ki na terenie PZD Okr\u0119g w Szczecinie w wysoko\u015bci 400 z\u0142 \u2013 Uchwa\u0142a<br>5\/II\/2024 w sprawie wysoko\u015bci podwy\u017cszonej op\u0142aty ogrodowej wnoszonej<br>przez dzia\u0142kowca w roku nabycia prawa do dzia\u0142ki.<\/p>\n\n\n\n<p class=\"has-text-align-center has-small-font-size\" style=\"font-style:italic;font-weight:100\">Zgodnie z \u00a7 147 ust. 1 pkt 1 Statutu PZD wysoko\u015b\u0107 op\u0142aty na wydatki<br>inwestycyjne i remonty infrastruktury ogrodowej Zarz\u0105d ROD na<br>podstawie operatu szacunkowego wyceny warto\u015bci odtworzeniowej budynk\u00f3w<br>i budowli po\u0142o\u017conych w ROD Nowe Osiedle podj\u0105\u0142 uchwa\u0142\u0119 2\/2024 w<br>sprawie podwy\u017cszonej op\u0142aty ogrodowej od nowych nabywc\u00f3w (tzw.op\u0142at\u0119<br>inwestycyjn\u0105) w kwocie 3 690 z\u0142.<\/p>\n\n\n\n<p class=\"has-text-align-center has-small-font-size\"><\/p>\n\n\n\n<p><\/p>\n\n\n\n<hr class=\"wp-block-separator has-alpha-channel-opacity\"\/>\n\n\n\n<p class=\"has-text-align-center\"><strong>Informacja<\/strong><\/p>\n\n\n\n<p>Zarz\u0105d Rod \u201eNowe Osiedle\u201d w Szczecinie, informuje, i\u017c zgodnie z rozporz\u0105dzeniem o RODO* dotycz\u0105cej <strong>op\u0142at, zaleg\u0142o\u015bci<\/strong> oraz innych informacji dotycz\u0105cych dzia\u0142ek udzielane b\u0119d\u0105 tylko i wy\u0142\u0105cznie za <strong>okazaniem <\/strong>dokumentu to\u017csamo\u015bci przez w\u0142a\u015bciciela dzia\u0142ki lub ustawionego pe\u0142nomocnictwa lub po podaniu numeru indeksu dzia\u0142ki**.<\/p>\n\n\n\n<p>*Rozporz\u0105dzenie Parlamentu Europejskiego i Rady (UE) 2016\/679 z dnia<br>27 kwietnia 2016 r. w sprawie ochrony os\u00f3b fizycznych z zwi\u0105zku przetwarzania danych osobowych i w sprawie swobodnego przep\u0142ywu takich danych oraz uchylenia dyrektywy 95\/46\/WE ( og\u00f3lne rozporz\u0105dzenie o ochronie danych)<\/p>\n\n\n\n<p>**numer indeksu dzia\u0142ki \u2013 numer nadany w systemie kodowania danych wra\u017cliwych,&nbsp; ka\u017cdy dzia\u0142kowicz mo\u017ce uzyska\u0107 informacj\u0119 w tym zakresie w biurze Zarz\u0105du ROD \u201eNowe Osiedle\u201d<\/p>\n","protected":false},"excerpt":{"rendered":"<p>Walne Zebranie sprawozdawczo-wyborcze w dniu 09.03.2024 rokuprzyj\u0119\u0142o op\u0142aty ogrodowe oraz termin wp\u0142at do dnia 30.06.2024r. Podstawowe op\u0142aty ogrodowe : op\u0142ata cz\u0142onkowska okre\u015blona przez KR PZD 10 z\u0142 \/&nbsp; dzia\u0142ka op\u0142ata ogrodowa 1,20 z\u0142 \/ m2 op\u0142ata energetyczna 49,37 z\u0142 od dzia\u0142ki pod\u0142\u0105czonej do sieci energetycznej op\u0142ata wodna 8,82 z\u0142 od dzia\u0142ki pod\u0142\u0105czonej do sieci wodnej [&hellip;]<\/p>\n","protected":false},"author":3,"featured_media":0,"parent":0,"menu_order":0,"comment_status":"closed","ping_status":"closed","template":"","meta":{"ngg_post_thumbnail":0,"footnotes":""},"class_list":["post-95","page","type-page","status-publish","hentry","post-preview"],"_links":{"self":[{"href":"https:\/\/rodnoweosiedle.pl\/index.php\/wp-json\/wp\/v2\/pages\/95","targetHints":{"allow":["GET"]}}],"collection":[{"href":"https:\/\/rodnoweosiedle.pl\/index.php\/wp-json\/wp\/v2\/pages"}],"about":[{"href":"https:\/\/rodnoweosiedle.pl\/index.php\/wp-json\/wp\/v2\/types\/page"}],"author":[{"embeddable":true,"href":"https:\/\/rodnoweosiedle.pl\/index.php\/wp-json\/wp\/v2\/users\/3"}],"replies":[{"embeddable":true,"href":"https:\/\/rodnoweosiedle.pl\/index.php\/wp-json\/wp\/v2\/comments?post=95"}],"version-history":[{"count":22,"href":"https:\/\/rodnoweosiedle.pl\/index.php\/wp-json\/wp\/v2\/pages\/95\/revisions"}],"predecessor-version":[{"id":1421,"href":"https:\/\/rodnoweosiedle.pl\/index.php\/wp-json\/wp\/v2\/pages\/95\/revisions\/1421"}],"wp:attachment":[{"href":"https:\/\/rodnoweosiedle.pl\/index.php\/wp-json\/wp\/v2\/media?parent=95"}],"curies":[{"name":"wp","href":"https:\/\/api.w.org\/{rel}","templated":true}]}}